{"id":1114,"date":"2023-03-24T07:37:12","date_gmt":"2023-03-24T06:37:12","guid":{"rendered":"https:\/\/gymrubik.com\/?page_id=1114"},"modified":"2023-08-10T18:58:39","modified_gmt":"2023-08-10T16:58:39","slug":"politica-de-privacidad","status":"publish","type":"page","link":"https:\/\/gymrubik.com\/?page_id=1114","title":{"rendered":"Pol\u00edtica de Privacidad"},"content":{"rendered":"\t\t<div data-elementor-type=\"wp-page\" data-elementor-id=\"1114\" class=\"elementor elementor-1114\" data-elementor-post-type=\"page\">\n\t\t\t\t\t\t<section class=\"elementor-section elementor-top-section elementor-element elementor-element-755e299 elementor-section-boxed elementor-section-height-default elementor-section-height-default\" data-id=\"755e299\" data-element_type=\"section\">\n\t\t\t\t\t\t<div class=\"elementor-container elementor-column-gap-default\">\n\t\t\t\t\t<div class=\"elementor-column elementor-col-100 elementor-top-column elementor-element elementor-element-c9b25cf\" data-id=\"c9b25cf\" data-element_type=\"column\">\n\t\t\t<div class=\"elementor-widget-wrap elementor-element-populated\">\n\t\t\t\t\t\t<div class=\"elementor-element elementor-element-bf85c7d elementor-widget elementor-widget-text-editor\" data-id=\"bf85c7d\" data-element_type=\"widget\" data-widget_type=\"text-editor.default\">\n\t\t\t\t<div class=\"elementor-widget-container\">\n\t\t\t<style>\/*! elementor - v3.20.0 - 20-03-2024 *\/\n.elementor-widget-text-editor.elementor-drop-cap-view-stacked .elementor-drop-cap{background-color:#69727d;color:#fff}.elementor-widget-text-editor.elementor-drop-cap-view-framed .elementor-drop-cap{color:#69727d;border:3px solid;background-color:transparent}.elementor-widget-text-editor:not(.elementor-drop-cap-view-default) .elementor-drop-cap{margin-top:8px}.elementor-widget-text-editor:not(.elementor-drop-cap-view-default) .elementor-drop-cap-letter{width:1em;height:1em}.elementor-widget-text-editor .elementor-drop-cap{float:left;text-align:center;line-height:1;font-size:50px}.elementor-widget-text-editor .elementor-drop-cap-letter{display:inline-block}<\/style>\t\t\t\t<p>El Titular se compromete a cumplir con la normativa en materia de Protecci\u00f3n de Datos de car\u00e1cter personal y a respetar la privacidad de los Usuarios. El objetivo es ofrecer el mejor servicio al Usuario y para ello es necesario contar con sus datos.<\/p><p>\u00a0<\/p><p><strong>RESPONSABLE DEL TRATAMIENTO<br \/><\/strong>GADES CUBE, S.L.<br \/>NIF: B72335110<br \/>Domicilio: Avda. Diputaci\u00f3n 16, 11.500 El Puerto de Santa Mar\u00eda, C\u00e1diz.<br \/>Tel\u00e9fono: 956 102 792<br \/>Email: info@gymrubik.com<\/p><p>\u00a0<\/p><p><strong>FINALIDADES<\/strong><\/p><p><strong>Atenci\u00f3n de consultas:<\/strong> atender las consultas del Usuario que se ponga en contacto a trav\u00e9s de los Formularios.<\/p><p><strong>Datos de navegaci\u00f3n:<\/strong> datos recogidos por las cookies propias o de terceros que puedan ser generadas por este Sitio Web y de las que se informa de forma espec\u00edfica en la Pol\u00edtica de Cookies.<\/p><p><strong>Comunicaciones comerciales:<\/strong> para el Usuario que voluntariamente acepte esta opci\u00f3n, se le remitir\u00e1n promociones, publicidad, ofertas, noticias, invitaci\u00f3n a eventos y cualquier tipo de informaci\u00f3n comercial del Titular.<\/p><p><strong>Legitimaci\u00f3n y conservaci\u00f3n Base jur\u00eddica del tratamiento:<\/strong> consentimiento otorgado por el Usuario facilitando sus datos de forma voluntaria y aceptando la Pol\u00edtica de Privacidad. En caso de no facilitar los datos necesarios para estas finalidades no ser\u00e1 posible prestarle los servicios. Los datos se conservar\u00e1n mientras se mantenga le relaci\u00f3n y no se solicite su supresi\u00f3n y en cualquier caso en cumplimiento de plazos legales de prescripci\u00f3n que le resulten de aplicaci\u00f3n.<\/p><p>\u00a0<\/p><p><strong>CESIONES<\/strong><br \/>No se tienen previstas cesiones de los datos recabados a trav\u00e9s de este Sitio Web, salvo que expresamente se indique, en su caso, en el texto informativo correspondiente.<\/p><p>\u00a0<\/p><p><strong>DERECHOS DE LOS INTERESADOS<\/strong><br \/>Los Usuarios pueden ejercitar sus derechos de acceso, rectificaci\u00f3n, supresi\u00f3n, portabilidad y la limitaci\u00f3n u oposici\u00f3n enviando solicitud firmada por correo postal con asunto \u201cProtecci\u00f3n de Datos\u201d, a la direcci\u00f3n: Avda. Diputaci\u00f3n 16, El Puerto de Santa Mar\u00eda (C\u00e1diz), indicando claramente los datos de contacto y remitiendo copia de su documento de identidad o enviando solicitud por email con asunto \u201cEjercicio de Derechos\u201d, a <a href=\"mailto:info@gymrubik.com\" target=\"_blank\" rel=\"noopener\">info@gymrubik.com<\/a>, desde la misma cuenta de email que facilit\u00f3. Los Usuarios tienen derecho a retirar el consentimiento prestado y tienen derecho a reclamar ante la Autoridad de Control (Agencia Espa\u00f1ola de Protecci\u00f3n de Datos www.agpd.es).<\/p><p>\u00a0<\/p><ol><li><strong>Campos de texto libre:<\/strong> los campos de texto libre que, a disposici\u00f3n del Usuario, puedan aparecer en los formularios del Sitio Web tienen como \u00fanica y exclusiva finalidad el recabar informaci\u00f3n para mejorar la calidad de los Servicios. El Usuario no incluir\u00e1, en aquellos espacios que el Sitio Web pueda ofertar como \u00abcampos de texto libre\u00bb, ning\u00fan dato de car\u00e1cter personal que pueda ser calificado dentro de aquellos datos para los que se exige un nivel de protecci\u00f3n especial, entendi\u00e9ndose como tales datos, a t\u00edtulo enunciativo y no limitativo, los relativos a situaci\u00f3n econ\u00f3mico-financiera, perfiles psicol\u00f3gicos, ideolog\u00eda, religi\u00f3n, creencias, afiliaci\u00f3n sindical, salud, origen racial y\/o vida sexual.<\/li><li><strong>Campos no obligatorios:<\/strong> el Titular comunica al Usuario el car\u00e1cter no obligatorio de la recogida de algunos datos, salvo en los campos que se indique lo contrario mediante un (*). No obstante, la no cumplimentaci\u00f3n de dichos datos podr\u00e1 impedir prestar todos aquellos Servicios vinculados a tales datos, liber\u00e1ndole de toda responsabilidad por la no prestaci\u00f3n o prestaci\u00f3n incompleta de estos Servicios.<\/li><li><strong>Acceso y rectificaci\u00f3n de los datos personales:<\/strong> el Usuario se compromete a proporcionar informaci\u00f3n cierta en relaci\u00f3n con sus datos personales, y mantener los datos facilitados al Titular siempre actualizados. El Usuario responder\u00e1, en cualquier caso, de la veracidad de los datos facilitados, reserv\u00e1ndose el Titular el derecho de excluir de los servicios a todo Usuario que haya facilitado datos falsos, sin perjuicio de las dem\u00e1s acciones que procedan en Derecho. Los datos facilitados por el Usuario se presumir\u00e1n correctos, por lo que, en caso de env\u00edo err\u00f3neo de sus datos por parte del Usuario, el Titular, declina cualquier responsabilidad en caso de la incorrecta ejecuci\u00f3n o no ejecuci\u00f3n del env\u00edo, as\u00ed como el incorrecto cumplimiento de los tr\u00e1mites administrativos necesarios.<\/li><li><strong>Comunicaci\u00f3n de datos personales:<\/strong> en relaci\u00f3n a la gesti\u00f3n de los servicios, los datos de los Usuarios podr\u00e1n ser tratados por empresas que presten al Titular diversos servicios, entre otros, de env\u00edo, mensajer\u00eda, contabilidad, asesor\u00eda, mantenimiento inform\u00e1tico, o cualquier otro que por su condici\u00f3n de Encargada del Tratamiento sea indispensable o inevitable que accedan o traten estos datos. Este tratamiento no ser\u00e1 considerado en ning\u00fan caso una cesi\u00f3n de datos. El Titular no ceder\u00e1 sus datos a terceras personas en ning\u00fan caso.<\/li><li><strong>Confidencialidad:<\/strong> adem\u00e1s, tambi\u00e9n tendr\u00e1 la condici\u00f3n de confidencial la informaci\u00f3n de cualquier tipo que las partes intercambien entre s\u00ed, aquella que \u00e9stas acuerden que tiene tal naturaleza, o la que simplemente verse sobre el contenido de dicha informaci\u00f3n. La visualizaci\u00f3n de datos a trav\u00e9s de Internet, no supondr\u00e1 el acceso directo a los mismos, salvo consentimiento expreso de su titular para cada ocasi\u00f3n.<\/li><li><strong>Fotograf\u00edas:<\/strong> en cumplimiento de lo establecido en la actual normativa de Protecci\u00f3n de Datos de Car\u00e1cter Personal se informa que las fotograf\u00edas en las que aparezcan personas tienen consideraci\u00f3n de dato de car\u00e1cter personal. Con esta comunicaci\u00f3n se informa que en este Sitio Web pueden aparecer fotograf\u00edas de personas con motivos de promoci\u00f3n y que voluntariamente han accedido a ello. Si en alg\u00fan caso, cualquier persona que aparezca en ellas desea que no se muestre alguna fotograf\u00eda, rogamos se pongan en contacto y se proceder\u00e1 a su retirada a la mayor brevedad posible. No ser\u00e1 v\u00e1lido para las personas que han prestado un servicio de forma profesional.<\/li><\/ol>\t\t\t\t\t\t<\/div>\n\t\t\t\t<\/div>\n\t\t\t\t<div class=\"elementor-element elementor-element-50d90ef elementor-widget elementor-widget-spacer\" data-id=\"50d90ef\" data-element_type=\"widget\" data-widget_type=\"spacer.default\">\n\t\t\t\t<div class=\"elementor-widget-container\">\n\t\t\t<style>\/*! elementor - v3.20.0 - 20-03-2024 *\/\n.elementor-column .elementor-spacer-inner{height:var(--spacer-size)}.e-con{--container-widget-width:100%}.e-con-inner>.elementor-widget-spacer,.e-con>.elementor-widget-spacer{width:var(--container-widget-width,var(--spacer-size));--align-self:var(--container-widget-align-self,initial);--flex-shrink:0}.e-con-inner>.elementor-widget-spacer>.elementor-widget-container,.e-con>.elementor-widget-spacer>.elementor-widget-container{height:100%;width:100%}.e-con-inner>.elementor-widget-spacer>.elementor-widget-container>.elementor-spacer,.e-con>.elementor-widget-spacer>.elementor-widget-container>.elementor-spacer{height:100%}.e-con-inner>.elementor-widget-spacer>.elementor-widget-container>.elementor-spacer>.elementor-spacer-inner,.e-con>.elementor-widget-spacer>.elementor-widget-container>.elementor-spacer>.elementor-spacer-inner{height:var(--container-widget-height,var(--spacer-size))}.e-con-inner>.elementor-widget-spacer.elementor-widget-empty,.e-con>.elementor-widget-spacer.elementor-widget-empty{position:relative;min-height:22px;min-width:22px}.e-con-inner>.elementor-widget-spacer.elementor-widget-empty .elementor-widget-empty-icon,.e-con>.elementor-widget-spacer.elementor-widget-empty .elementor-widget-empty-icon{position:absolute;top:0;bottom:0;left:0;right:0;margin:auto;padding:0;width:22px;height:22px}<\/style>\t\t<div class=\"elementor-spacer\">\n\t\t\t<div class=\"elementor-spacer-inner\"><\/div>\n\t\t<\/div>\n\t\t\t\t<\/div>\n\t\t\t\t<\/div>\n\t\t\t\t\t<\/div>\n\t\t<\/div>\n\t\t\t\t\t<\/div>\n\t\t<\/section>\n\t\t\t\t<\/div>\n\t\t","protected":false},"excerpt":{"rendered":"<p>El Titular se compromete a cumplir con la normativa en materia de Protecci\u00f3n de Datos de car\u00e1cter personal y a respetar la privacidad de los Usuarios. El objetivo es ofrecer el mejor servicio al Usuario y para ello es necesario contar con sus datos. RESPONSABLE DEL TRATAMIENTO GADES CUBE, S.L. NIF: B72335110 Domicilio: Avda. Diputaci\u00f3n [&hellip;]<\/p>\n","protected":false},"author":1,"featured_media":0,"parent":0,"menu_order":0,"comment_status":"closed","ping_status":"closed","template":"","meta":{"footnotes":""},"class_list":["post-1114","page","type-page","status-publish","hentry"],"yoast_head":"<!-- This site is optimized with the Yoast SEO plugin v22.3 - https:\/\/yoast.com\/wordpress\/plugins\/seo\/ -->\n<title>Pol\u00edtica de Privacidad | Gym Rubik<\/title>\n<meta name=\"description\" content=\"Entrenamiento Diferente: entrenamiento personal, sala fitness, clases dirigidas, cross training, yoga, espalda sana, electrofitness, tienda y suplementaci\u00f3n deportiva en el Puerto de Santa Mar\u00eda, C\u00e1diz\" \/>\n<meta name=\"robots\" content=\"noindex, follow\" \/>\n<meta property=\"og:locale\" content=\"es_ES\" \/>\n<meta property=\"og:type\" content=\"article\" \/>\n<meta property=\"og:title\" content=\"Pol\u00edtica de Privacidad | Gym Rubik\" \/>\n<meta property=\"og:description\" content=\"Entrenamiento Diferente: entrenamiento personal, sala fitness, clases dirigidas, cross training, yoga, espalda sana, electrofitness, tienda y suplementaci\u00f3n deportiva en el Puerto de Santa Mar\u00eda, C\u00e1diz\" \/>\n<meta property=\"og:url\" content=\"https:\/\/gymrubik.com\/?page_id=1114\" \/>\n<meta property=\"og:site_name\" content=\"Gym Rubik\" \/>\n<meta property=\"article:publisher\" content=\"https:\/\/www.facebook.com\/gimnasio.Rubik\/\" \/>\n<meta property=\"article:modified_time\" content=\"2023-08-10T16:58:39+00:00\" \/>\n<meta property=\"og:image\" content=\"https:\/\/gymrubik.com\/wp-content\/uploads\/SF-RUBIK-SARAILA-90.webp\" \/>\n\t<meta property=\"og:image:width\" content=\"1849\" \/>\n\t<meta property=\"og:image:height\" content=\"1232\" \/>\n\t<meta property=\"og:image:type\" content=\"image\/webp\" \/>\n<meta name=\"twitter:card\" content=\"summary_large_image\" \/>\n<meta name=\"twitter:label1\" content=\"Tiempo de lectura\" \/>\n\t<meta name=\"twitter:data1\" content=\"5 minutos\" \/>\n<script type=\"application\/ld+json\" class=\"yoast-schema-graph\">{\"@context\":\"https:\/\/schema.org\",\"@graph\":[{\"@type\":\"WebPage\",\"@id\":\"https:\/\/gymrubik.com\/?page_id=1114\",\"url\":\"https:\/\/gymrubik.com\/?page_id=1114\",\"name\":\"Pol\u00edtica de Privacidad | Gym Rubik\",\"isPartOf\":{\"@id\":\"https:\/\/gymrubik.com\/#website\"},\"datePublished\":\"2023-03-24T06:37:12+00:00\",\"dateModified\":\"2023-08-10T16:58:39+00:00\",\"description\":\"Entrenamiento Diferente: entrenamiento personal, sala fitness, clases dirigidas, cross training, yoga, espalda sana, electrofitness, tienda y suplementaci\u00f3n deportiva en el Puerto de Santa Mar\u00eda, C\u00e1diz\",\"breadcrumb\":{\"@id\":\"https:\/\/gymrubik.com\/?page_id=1114#breadcrumb\"},\"inLanguage\":\"es\",\"potentialAction\":[{\"@type\":\"ReadAction\",\"target\":[\"https:\/\/gymrubik.com\/?page_id=1114\"]}]},{\"@type\":\"BreadcrumbList\",\"@id\":\"https:\/\/gymrubik.com\/?page_id=1114#breadcrumb\",\"itemListElement\":[{\"@type\":\"ListItem\",\"position\":1,\"name\":\"Portada\",\"item\":\"https:\/\/gymrubik.com\/\"},{\"@type\":\"ListItem\",\"position\":2,\"name\":\"Pol\u00edtica de Privacidad\"}]},{\"@type\":\"WebSite\",\"@id\":\"https:\/\/gymrubik.com\/#website\",\"url\":\"https:\/\/gymrubik.com\/\",\"name\":\"Gym Rubik\",\"description\":\"Entrenamiento Diferente: entrenamiento personal, sala fitness, clases dirigidas, cross training, yoga, espalda sana, electrofitness, tienda y suplementaci\u00f3n deportiva en el Puerto de Santa Mar\u00eda, C\u00e1diz\",\"publisher\":{\"@id\":\"https:\/\/gymrubik.com\/#organization\"},\"alternateName\":\"Rubik Fitness & Health\",\"potentialAction\":[{\"@type\":\"SearchAction\",\"target\":{\"@type\":\"EntryPoint\",\"urlTemplate\":\"https:\/\/gymrubik.com\/?s={search_term_string}\"},\"query-input\":\"required name=search_term_string\"}],\"inLanguage\":\"es\"},{\"@type\":\"Organization\",\"@id\":\"https:\/\/gymrubik.com\/#organization\",\"name\":\"Gym Rubik\",\"alternateName\":\"Rubik Fitness & Health\",\"url\":\"https:\/\/gymrubik.com\/\",\"logo\":{\"@type\":\"ImageObject\",\"inLanguage\":\"es\",\"@id\":\"https:\/\/gymrubik.com\/#\/schema\/logo\/image\/\",\"url\":\"https:\/\/gymrubik.com\/wp-content\/uploads\/logo_rubik_JPG-sf-1.png\",\"contentUrl\":\"https:\/\/gymrubik.com\/wp-content\/uploads\/logo_rubik_JPG-sf-1.png\",\"width\":574,\"height\":435,\"caption\":\"Gym Rubik\"},\"image\":{\"@id\":\"https:\/\/gymrubik.com\/#\/schema\/logo\/image\/\"},\"sameAs\":[\"https:\/\/www.facebook.com\/gimnasio.Rubik\/\",\"https:\/\/www.instagram.com\/gymrubik\/\",\"https:\/\/www.youtube.com\/channel\/UCQXLcP2dv1Ohuazvzhbvc6A\"]}]}<\/script>\n<!-- \/ Yoast SEO plugin. -->","yoast_head_json":{"title":"Pol\u00edtica de Privacidad | Gym Rubik","description":"Entrenamiento Diferente: entrenamiento personal, sala fitness, clases dirigidas, cross training, yoga, espalda sana, electrofitness, tienda y suplementaci\u00f3n deportiva en el Puerto de Santa Mar\u00eda, C\u00e1diz","robots":{"index":"noindex","follow":"follow"},"og_locale":"es_ES","og_type":"article","og_title":"Pol\u00edtica de Privacidad | Gym Rubik","og_description":"Entrenamiento Diferente: entrenamiento personal, sala fitness, clases dirigidas, cross training, yoga, espalda sana, electrofitness, tienda y suplementaci\u00f3n deportiva en el Puerto de Santa Mar\u00eda, C\u00e1diz","og_url":"https:\/\/gymrubik.com\/?page_id=1114","og_site_name":"Gym Rubik","article_publisher":"https:\/\/www.facebook.com\/gimnasio.Rubik\/","article_modified_time":"2023-08-10T16:58:39+00:00","og_image":[{"width":1849,"height":1232,"url":"https:\/\/gymrubik.com\/wp-content\/uploads\/SF-RUBIK-SARAILA-90.webp","type":"image\/webp"}],"twitter_card":"summary_large_image","twitter_misc":{"Tiempo de lectura":"5 minutos"},"schema":{"@context":"https:\/\/schema.org","@graph":[{"@type":"WebPage","@id":"https:\/\/gymrubik.com\/?page_id=1114","url":"https:\/\/gymrubik.com\/?page_id=1114","name":"Pol\u00edtica de Privacidad | Gym Rubik","isPartOf":{"@id":"https:\/\/gymrubik.com\/#website"},"datePublished":"2023-03-24T06:37:12+00:00","dateModified":"2023-08-10T16:58:39+00:00","description":"Entrenamiento Diferente: entrenamiento personal, sala fitness, clases dirigidas, cross training, yoga, espalda sana, electrofitness, tienda y suplementaci\u00f3n deportiva en el Puerto de Santa Mar\u00eda, C\u00e1diz","breadcrumb":{"@id":"https:\/\/gymrubik.com\/?page_id=1114#breadcrumb"},"inLanguage":"es","potentialAction":[{"@type":"ReadAction","target":["https:\/\/gymrubik.com\/?page_id=1114"]}]},{"@type":"BreadcrumbList","@id":"https:\/\/gymrubik.com\/?page_id=1114#breadcrumb","itemListElement":[{"@type":"ListItem","position":1,"name":"Portada","item":"https:\/\/gymrubik.com\/"},{"@type":"ListItem","position":2,"name":"Pol\u00edtica de Privacidad"}]},{"@type":"WebSite","@id":"https:\/\/gymrubik.com\/#website","url":"https:\/\/gymrubik.com\/","name":"Gym Rubik","description":"Entrenamiento Diferente: entrenamiento personal, sala fitness, clases dirigidas, cross training, yoga, espalda sana, electrofitness, tienda y suplementaci\u00f3n deportiva en el Puerto de Santa Mar\u00eda, C\u00e1diz","publisher":{"@id":"https:\/\/gymrubik.com\/#organization"},"alternateName":"Rubik Fitness & Health","potentialAction":[{"@type":"SearchAction","target":{"@type":"EntryPoint","urlTemplate":"https:\/\/gymrubik.com\/?s={search_term_string}"},"query-input":"required name=search_term_string"}],"inLanguage":"es"},{"@type":"Organization","@id":"https:\/\/gymrubik.com\/#organization","name":"Gym Rubik","alternateName":"Rubik Fitness & Health","url":"https:\/\/gymrubik.com\/","logo":{"@type":"ImageObject","inLanguage":"es","@id":"https:\/\/gymrubik.com\/#\/schema\/logo\/image\/","url":"https:\/\/gymrubik.com\/wp-content\/uploads\/logo_rubik_JPG-sf-1.png","contentUrl":"https:\/\/gymrubik.com\/wp-content\/uploads\/logo_rubik_JPG-sf-1.png","width":574,"height":435,"caption":"Gym Rubik"},"image":{"@id":"https:\/\/gymrubik.com\/#\/schema\/logo\/image\/"},"sameAs":["https:\/\/www.facebook.com\/gimnasio.Rubik\/","https:\/\/www.instagram.com\/gymrubik\/","https:\/\/www.youtube.com\/channel\/UCQXLcP2dv1Ohuazvzhbvc6A"]}]}},"_links":{"self":[{"href":"https:\/\/gymrubik.com\/index.php?rest_route=\/wp\/v2\/pages\/1114","targetHints":{"allow":["GET"]}}],"collection":[{"href":"https:\/\/gymrubik.com\/index.php?rest_route=\/wp\/v2\/pages"}],"about":[{"href":"https:\/\/gymrubik.com\/index.php?rest_route=\/wp\/v2\/types\/page"}],"author":[{"embeddable":true,"href":"https:\/\/gymrubik.com\/index.php?rest_route=\/wp\/v2\/users\/1"}],"replies":[{"embeddable":true,"href":"https:\/\/gymrubik.com\/index.php?rest_route=%2Fwp%2Fv2%2Fcomments&post=1114"}],"version-history":[{"count":5,"href":"https:\/\/gymrubik.com\/index.php?rest_route=\/wp\/v2\/pages\/1114\/revisions"}],"predecessor-version":[{"id":2240,"href":"https:\/\/gymrubik.com\/index.php?rest_route=\/wp\/v2\/pages\/1114\/revisions\/2240"}],"wp:attachment":[{"href":"https:\/\/gymrubik.com\/index.php?rest_route=%2Fwp%2Fv2%2Fmedia&parent=1114"}],"curies":[{"name":"wp","href":"https:\/\/api.w.org\/{rel}","templated":true}]}}