{"id":1116,"date":"2023-03-24T07:37:23","date_gmt":"2023-03-24T06:37:23","guid":{"rendered":"https:\/\/gymrubik.com\/?page_id=1116"},"modified":"2023-09-20T14:58:23","modified_gmt":"2023-09-20T12:58:23","slug":"politica-de-cookies","status":"publish","type":"page","link":"https:\/\/gymrubik.com\/?page_id=1116","title":{"rendered":"Pol\u00edtica de Cookies"},"content":{"rendered":"\t\t<div data-elementor-type=\"wp-page\" data-elementor-id=\"1116\" class=\"elementor elementor-1116\" data-elementor-post-type=\"page\">\n\t\t\t\t\t\t<section class=\"elementor-section elementor-top-section elementor-element elementor-element-671238b7 elementor-section-boxed elementor-section-height-default elementor-section-height-default\" data-id=\"671238b7\" data-element_type=\"section\">\n\t\t\t\t\t\t<div class=\"elementor-container elementor-column-gap-default\">\n\t\t\t\t\t<div class=\"elementor-column elementor-col-100 elementor-top-column elementor-element elementor-element-40b1085e\" data-id=\"40b1085e\" data-element_type=\"column\">\n\t\t\t<div class=\"elementor-widget-wrap elementor-element-populated\">\n\t\t\t\t\t\t<div class=\"elementor-element elementor-element-51a5f19e elementor-widget elementor-widget-text-editor\" data-id=\"51a5f19e\" data-element_type=\"widget\" data-widget_type=\"text-editor.default\">\n\t\t\t\t<div class=\"elementor-widget-container\">\n\t\t\t<style>\/*! elementor - v3.20.0 - 20-03-2024 *\/\n.elementor-widget-text-editor.elementor-drop-cap-view-stacked .elementor-drop-cap{background-color:#69727d;color:#fff}.elementor-widget-text-editor.elementor-drop-cap-view-framed .elementor-drop-cap{color:#69727d;border:3px solid;background-color:transparent}.elementor-widget-text-editor:not(.elementor-drop-cap-view-default) .elementor-drop-cap{margin-top:8px}.elementor-widget-text-editor:not(.elementor-drop-cap-view-default) .elementor-drop-cap-letter{width:1em;height:1em}.elementor-widget-text-editor .elementor-drop-cap{float:left;text-align:center;line-height:1;font-size:50px}.elementor-widget-text-editor .elementor-drop-cap-letter{display:inline-block}<\/style>\t\t\t\t<!-- wp:paragraph -->\n<p><strong>DEFINICI\u00d3N Y FUNCIONES DE LAS COOKIES<\/strong><br \/>Una cookie es un fichero que se descarga en el equipo del Usuario al acceder a determinados sitios web. Las cookies permiten al sitio web, entre otras cosas, almacenar y recuperar informaci\u00f3n sobre los h\u00e1bitos de navegaci\u00f3n del Usuario o de su equipo y, dependiendo de la informaci\u00f3n que contengan y de la forma en que utilice su equipo, pueden utilizarse para reconocer al Usuario.<\/p>\n<p>\u00a0<\/p>\n<p>\u00a0<\/p>\n<p><strong>TIPOS DE COOKIES QUE PUEDE UTILIZAR ESTE SITIO WEB<\/strong><\/p>\n<p>\u00a0<\/p>\n<!-- \/wp:paragraph --><!-- wp:paragraph --><!-- \/wp:paragraph --><!-- wp:paragraph --><!-- \/wp:paragraph --><!-- wp:list -->\n<ul><!-- wp:list-item -->\n<li><strong>Cookies propias:<\/strong> se env\u00edan al equipo terminal del Usuario desde un equipo o dominio gestionado por el Titular y desde el que se presta el servicio solicitado por el Usuario.<\/li>\n<!-- \/wp:list-item --><!-- wp:list-item -->\n<li><strong>Cookies de terceros:<\/strong> se env\u00edan al equipo terminal del Usuario desde un equipo o dominio que no es gestionado por el Titular, sino por otra entidad que trata los datos obtenidos trav\u00e9s de las cookies.<\/li>\n<!-- \/wp:list-item --><!-- wp:list-item -->\n<li><strong>Cookies de sesi\u00f3n:<\/strong> tipo de cookies dise\u00f1adas para recabar y almacenar datos mientras el Usuario accede a un sitio web.<\/li>\n<!-- \/wp:list-item --><!-- wp:list-item -->\n<li><strong>Cookies persistentes:<\/strong> tipo de cookies en el que los datos siguen almacenados en el terminal y pueden ser accedidos y tratados durante un periodo definido por el responsable de la cookie, y que puede ir de unos minutos a varios a\u00f1os.<\/li>\n<!-- \/wp:list-item --><!-- wp:list-item -->\n<li><strong>Cookies de an\u00e1lisis:<\/strong> aquellas que, bien tratadas por el Titular o por terceros, permiten cuantificar el n\u00famero de Usuarios y as\u00ed realizar la medici\u00f3n y an\u00e1lisis estad\u00edstico de la utilizaci\u00f3n que hacen los Usuarios del servicio ofertado. Para ello se analiza su navegaci\u00f3n con el fin de mejorar la oferta de productos o servicios que se ofrecen.<\/li>\n<!-- \/wp:list-item --><\/ul>\n<!-- \/wp:list --><!-- wp:paragraph -->\n<p>\u00a0<\/p>\n<p>\u00a0<\/p>\n<!-- \/wp:paragraph --><!-- wp:paragraph -->\n<p><strong>REVOCACI\u00d3N Y ELIMINACI\u00d3N DE COOKIES<\/strong><br \/>El Usuario puede permitir, bloquear o eliminar las cookies instaladas en el equipo mediante la configuraci\u00f3n de las opciones del navegador instalado, en caso que no permita la instalaci\u00f3n de cookies en su navegador es posible que no pueda acceder a alguna de las secciones del Sitio Web.<\/p>\n<!-- \/wp:paragraph --><!-- wp:paragraph -->\n<p>Se puede encontrar informaci\u00f3n sobre c\u00f3mo configurar las cookies seg\u00fan el navegador utilizado en los siguientes enlaces (enlaces v\u00e1lidos a la fecha de edici\u00f3n del presente texto).<\/p>\n<!-- \/wp:paragraph --><!-- wp:paragraph -->\n<p>\u00a0<\/p>\n<p>Para m\u00e1s informaci\u00f3n sobre c\u00f3mo bloquear el uso de cookies en Explorer<br \/><a href=\"http:\/\/windows.microsoft.com\/es-es\/windows7\/how-to-manage-cookies-in-internet-explorer-9\" target=\"_blank\" rel=\"noreferrer noopener\">http:\/\/windows.microsoft.com\/es-es\/windows7\/how-to-manage-cookies-in-internet-explorer-9<\/a><\/p>\n<!-- \/wp:paragraph --><!-- wp:paragraph -->\n<p>\u00a0<\/p>\n<p>Para m\u00e1s informaci\u00f3n sobre c\u00f3mo bloquear el uso de cookies en Chrome<br \/><a href=\"http:\/\/support.google.com\/chrome\/bin\/answer.py?hl=es&amp;answer=95647\" target=\"_blank\" rel=\"noreferrer noopener\">http:\/\/support.google.com\/chrome\/bin\/answer.py?hl=es&amp;answer=95647<\/a><\/p>\n<!-- \/wp:paragraph --><!-- wp:paragraph -->\n<p>\u00a0<\/p>\n<p>Para m\u00e1s informaci\u00f3n sobre c\u00f3mo bloquear el uso de cookies en Firefox<br \/><a href=\"http:\/\/support.mozilla.org\/es\/kb\/habilitar-y-deshabilitar-cookies-que-los-sitios-we\" target=\"_blank\" rel=\"noreferrer noopener\">http:\/\/support.mozilla.org\/es\/kb\/habilitar-y-deshabilitar-cookies-que-los-sitios-we<\/a><\/p>\n<!-- \/wp:paragraph --><!-- wp:paragraph -->\n<p>\u00a0<\/p>\n<p>Para m\u00e1s informaci\u00f3n sobre c\u00f3mo bloquear el uso de cookies en Safari<br \/><a href=\"http:\/\/support.apple.com\/kb\/ph5042\" target=\"_blank\" rel=\"noreferrer noopener\">http:\/\/support.apple.com\/kb\/ph5042<\/a><\/p>\n<!-- \/wp:paragraph --><!-- wp:paragraph -->\n<p>\u00a0<\/p>\n<p>Para m\u00e1s informaci\u00f3n sobre c\u00f3mo bloquear el uso de cookies en Android<br \/><a href=\"http:\/\/support.google.com\/android\/?hl=es\" target=\"_blank\" rel=\"noreferrer noopener\">http:\/\/support.google.com\/android\/?hl=es<\/a><\/p>\n<!-- \/wp:paragraph --><!-- wp:paragraph -->\n<p>\u00a0<\/p>\n<p>Para m\u00e1s informaci\u00f3n sobre c\u00f3mo bloquear el uso de cookies en Windows Phone<br \/><a href=\"http:\/\/www.windowsphone.com\/es-ES\/how-to\/wp7\/web\/changing-privacy-and-other-browser-settings\" target=\"_blank\" rel=\"noreferrer noopener\">http:\/\/www.windowsphone.com\/es-ES\/how-to\/wp7\/web\/changing-privacy-and-other-browser-settings<\/a><\/p>\n<!-- \/wp:paragraph --><!-- wp:paragraph -->\n<p>\u00a0<\/p>\n<p>El Titular no se hace responsable del contenido y veracidad de las pol\u00edticas de privacidad de los terceros incluidos en los enlaces de este Aviso Legal.<\/p>\n<!-- \/wp:paragraph -->\t\t\t\t\t\t<\/div>\n\t\t\t\t<\/div>\n\t\t\t\t<div class=\"elementor-element elementor-element-425ec96 elementor-widget elementor-widget-html\" data-id=\"425ec96\" data-element_type=\"widget\" data-widget_type=\"html.default\">\n\t\t\t\t<div class=\"elementor-widget-container\">\n\t\t\t<table>\n    <thead>\n        <tr>\n            <th>Cookie\/Proveedor<\/th>\n            <th>Categor\u00eda<\/th>\n            <th>Tipo<\/th>\n            <th>Caducidad<\/th>\n            <th>Descripci\u00f3n<\/th>\n        <\/tr>\n    <\/thead>\n    <tbody>\n        <tr>\n            <td>elementor<\/td>\n            <td>Necesaria<\/td>\n            <td>HTML<\/td>\n            <td>Persistente<\/td>\n            <td>Utilizada en relaci\u00f3n al tema de WordPress de la web. La cookie permite al propietario de la web implementar o cambiar el contenido de la web en tiempo real.<\/td>\n        <\/tr>\n        <tr>\n            <td>rc::a (gstatic.com)<\/td>\n            <td>Necesaria<\/td>\n            <td>HTML<\/td>\n            <td>Persistente<\/td>\n            <td>Utilizada para distinguir entre humanos y bots. Esto es beneficioso para la web con el objeto de elaborar informes v\u00e1lidos sobre el uso de su web.<\/td>\n        <\/tr>\n        <tr>\n            <td>rc::c (gstatic.com)<\/td>\n            <td>Necesaria<\/td>\n            <td>HTML<\/td>\n            <td>Sesi\u00f3n<\/td>\n            <td>Utilizada para distinguir entre humanos y bots.<\/td>\n        <\/tr>\n    <\/tbody>\n<\/table>\t\t<\/div>\n\t\t\t\t<\/div>\n\t\t\t\t\t<\/div>\n\t\t<\/div>\n\t\t\t\t\t<\/div>\n\t\t<\/section>\n\t\t\t\t<\/div>\n\t\t","protected":false},"excerpt":{"rendered":"<p>DEFINICI\u00d3N Y FUNCIONES DE LAS COOKIESUna cookie es un fichero que se descarga en el equipo del Usuario al acceder a determinados sitios web. Las cookies permiten al sitio web, entre otras cosas, almacenar y recuperar informaci\u00f3n sobre los h\u00e1bitos de navegaci\u00f3n del Usuario o de su equipo y, dependiendo de la informaci\u00f3n que contengan [&hellip;]<\/p>\n","protected":false},"author":1,"featured_media":0,"parent":0,"menu_order":0,"comment_status":"closed","ping_status":"closed","template":"","meta":{"footnotes":""},"class_list":["post-1116","page","type-page","status-publish","hentry"],"yoast_head":"<!-- This site is optimized with the Yoast SEO plugin v22.3 - https:\/\/yoast.com\/wordpress\/plugins\/seo\/ -->\n<title>Pol\u00edtica de Cookies | Gym Rubik<\/title>\n<meta name=\"description\" content=\"Entrenamiento Diferente: entrenamiento personal, sala fitness, clases dirigidas, cross training, yoga, espalda sana, electrofitness, tienda y suplementaci\u00f3n deportiva en el Puerto de Santa Mar\u00eda, C\u00e1diz\" \/>\n<meta name=\"robots\" content=\"noindex, follow\" \/>\n<meta property=\"og:locale\" content=\"es_ES\" \/>\n<meta property=\"og:type\" content=\"article\" \/>\n<meta property=\"og:title\" content=\"Pol\u00edtica de Cookies | Gym Rubik\" \/>\n<meta property=\"og:description\" content=\"Entrenamiento Diferente: entrenamiento personal, sala fitness, clases dirigidas, cross training, yoga, espalda sana, electrofitness, tienda y suplementaci\u00f3n deportiva en el Puerto de Santa Mar\u00eda, C\u00e1diz\" \/>\n<meta property=\"og:url\" content=\"https:\/\/gymrubik.com\/?page_id=1116\" \/>\n<meta property=\"og:site_name\" content=\"Gym Rubik\" \/>\n<meta property=\"article:publisher\" content=\"https:\/\/www.facebook.com\/gimnasio.Rubik\/\" \/>\n<meta property=\"article:modified_time\" content=\"2023-09-20T12:58:23+00:00\" \/>\n<meta property=\"og:image\" content=\"https:\/\/gymrubik.com\/wp-content\/uploads\/SF-RUBIK-SARAILA-90.webp\" \/>\n\t<meta property=\"og:image:width\" content=\"1849\" \/>\n\t<meta property=\"og:image:height\" content=\"1232\" \/>\n\t<meta property=\"og:image:type\" content=\"image\/webp\" \/>\n<meta name=\"twitter:card\" content=\"summary_large_image\" \/>\n<meta name=\"twitter:label1\" content=\"Tiempo de lectura\" \/>\n\t<meta name=\"twitter:data1\" content=\"3 minutos\" \/>\n<script type=\"application\/ld+json\" class=\"yoast-schema-graph\">{\"@context\":\"https:\/\/schema.org\",\"@graph\":[{\"@type\":\"WebPage\",\"@id\":\"https:\/\/gymrubik.com\/?page_id=1116\",\"url\":\"https:\/\/gymrubik.com\/?page_id=1116\",\"name\":\"Pol\u00edtica de Cookies | Gym Rubik\",\"isPartOf\":{\"@id\":\"https:\/\/gymrubik.com\/#website\"},\"datePublished\":\"2023-03-24T06:37:23+00:00\",\"dateModified\":\"2023-09-20T12:58:23+00:00\",\"description\":\"Entrenamiento Diferente: entrenamiento personal, sala fitness, clases dirigidas, cross training, yoga, espalda sana, electrofitness, tienda y suplementaci\u00f3n deportiva en el Puerto de Santa Mar\u00eda, C\u00e1diz\",\"breadcrumb\":{\"@id\":\"https:\/\/gymrubik.com\/?page_id=1116#breadcrumb\"},\"inLanguage\":\"es\",\"potentialAction\":[{\"@type\":\"ReadAction\",\"target\":[\"https:\/\/gymrubik.com\/?page_id=1116\"]}]},{\"@type\":\"BreadcrumbList\",\"@id\":\"https:\/\/gymrubik.com\/?page_id=1116#breadcrumb\",\"itemListElement\":[{\"@type\":\"ListItem\",\"position\":1,\"name\":\"Portada\",\"item\":\"https:\/\/gymrubik.com\/\"},{\"@type\":\"ListItem\",\"position\":2,\"name\":\"Pol\u00edtica de Cookies\"}]},{\"@type\":\"WebSite\",\"@id\":\"https:\/\/gymrubik.com\/#website\",\"url\":\"https:\/\/gymrubik.com\/\",\"name\":\"Gym Rubik\",\"description\":\"Entrenamiento Diferente: entrenamiento personal, sala fitness, clases dirigidas, cross training, yoga, espalda sana, electrofitness, tienda y suplementaci\u00f3n deportiva en el Puerto de Santa Mar\u00eda, C\u00e1diz\",\"publisher\":{\"@id\":\"https:\/\/gymrubik.com\/#organization\"},\"alternateName\":\"Rubik Fitness & Health\",\"potentialAction\":[{\"@type\":\"SearchAction\",\"target\":{\"@type\":\"EntryPoint\",\"urlTemplate\":\"https:\/\/gymrubik.com\/?s={search_term_string}\"},\"query-input\":\"required name=search_term_string\"}],\"inLanguage\":\"es\"},{\"@type\":\"Organization\",\"@id\":\"https:\/\/gymrubik.com\/#organization\",\"name\":\"Gym Rubik\",\"alternateName\":\"Rubik Fitness & Health\",\"url\":\"https:\/\/gymrubik.com\/\",\"logo\":{\"@type\":\"ImageObject\",\"inLanguage\":\"es\",\"@id\":\"https:\/\/gymrubik.com\/#\/schema\/logo\/image\/\",\"url\":\"https:\/\/gymrubik.com\/wp-content\/uploads\/logo_rubik_JPG-sf-1.png\",\"contentUrl\":\"https:\/\/gymrubik.com\/wp-content\/uploads\/logo_rubik_JPG-sf-1.png\",\"width\":574,\"height\":435,\"caption\":\"Gym Rubik\"},\"image\":{\"@id\":\"https:\/\/gymrubik.com\/#\/schema\/logo\/image\/\"},\"sameAs\":[\"https:\/\/www.facebook.com\/gimnasio.Rubik\/\",\"https:\/\/www.instagram.com\/gymrubik\/\",\"https:\/\/www.youtube.com\/channel\/UCQXLcP2dv1Ohuazvzhbvc6A\"]}]}<\/script>\n<!-- \/ Yoast SEO plugin. -->","yoast_head_json":{"title":"Pol\u00edtica de Cookies | Gym Rubik","description":"Entrenamiento Diferente: entrenamiento personal, sala fitness, clases dirigidas, cross training, yoga, espalda sana, electrofitness, tienda y suplementaci\u00f3n deportiva en el Puerto de Santa Mar\u00eda, C\u00e1diz","robots":{"index":"noindex","follow":"follow"},"og_locale":"es_ES","og_type":"article","og_title":"Pol\u00edtica de Cookies | Gym Rubik","og_description":"Entrenamiento Diferente: entrenamiento personal, sala fitness, clases dirigidas, cross training, yoga, espalda sana, electrofitness, tienda y suplementaci\u00f3n deportiva en el Puerto de Santa Mar\u00eda, C\u00e1diz","og_url":"https:\/\/gymrubik.com\/?page_id=1116","og_site_name":"Gym Rubik","article_publisher":"https:\/\/www.facebook.com\/gimnasio.Rubik\/","article_modified_time":"2023-09-20T12:58:23+00:00","og_image":[{"width":1849,"height":1232,"url":"https:\/\/gymrubik.com\/wp-content\/uploads\/SF-RUBIK-SARAILA-90.webp","type":"image\/webp"}],"twitter_card":"summary_large_image","twitter_misc":{"Tiempo de lectura":"3 minutos"},"schema":{"@context":"https:\/\/schema.org","@graph":[{"@type":"WebPage","@id":"https:\/\/gymrubik.com\/?page_id=1116","url":"https:\/\/gymrubik.com\/?page_id=1116","name":"Pol\u00edtica de Cookies | Gym Rubik","isPartOf":{"@id":"https:\/\/gymrubik.com\/#website"},"datePublished":"2023-03-24T06:37:23+00:00","dateModified":"2023-09-20T12:58:23+00:00","description":"Entrenamiento Diferente: entrenamiento personal, sala fitness, clases dirigidas, cross training, yoga, espalda sana, electrofitness, tienda y suplementaci\u00f3n deportiva en el Puerto de Santa Mar\u00eda, C\u00e1diz","breadcrumb":{"@id":"https:\/\/gymrubik.com\/?page_id=1116#breadcrumb"},"inLanguage":"es","potentialAction":[{"@type":"ReadAction","target":["https:\/\/gymrubik.com\/?page_id=1116"]}]},{"@type":"BreadcrumbList","@id":"https:\/\/gymrubik.com\/?page_id=1116#breadcrumb","itemListElement":[{"@type":"ListItem","position":1,"name":"Portada","item":"https:\/\/gymrubik.com\/"},{"@type":"ListItem","position":2,"name":"Pol\u00edtica de Cookies"}]},{"@type":"WebSite","@id":"https:\/\/gymrubik.com\/#website","url":"https:\/\/gymrubik.com\/","name":"Gym Rubik","description":"Entrenamiento Diferente: entrenamiento personal, sala fitness, clases dirigidas, cross training, yoga, espalda sana, electrofitness, tienda y suplementaci\u00f3n deportiva en el Puerto de Santa Mar\u00eda, C\u00e1diz","publisher":{"@id":"https:\/\/gymrubik.com\/#organization"},"alternateName":"Rubik Fitness & Health","potentialAction":[{"@type":"SearchAction","target":{"@type":"EntryPoint","urlTemplate":"https:\/\/gymrubik.com\/?s={search_term_string}"},"query-input":"required name=search_term_string"}],"inLanguage":"es"},{"@type":"Organization","@id":"https:\/\/gymrubik.com\/#organization","name":"Gym Rubik","alternateName":"Rubik Fitness & Health","url":"https:\/\/gymrubik.com\/","logo":{"@type":"ImageObject","inLanguage":"es","@id":"https:\/\/gymrubik.com\/#\/schema\/logo\/image\/","url":"https:\/\/gymrubik.com\/wp-content\/uploads\/logo_rubik_JPG-sf-1.png","contentUrl":"https:\/\/gymrubik.com\/wp-content\/uploads\/logo_rubik_JPG-sf-1.png","width":574,"height":435,"caption":"Gym Rubik"},"image":{"@id":"https:\/\/gymrubik.com\/#\/schema\/logo\/image\/"},"sameAs":["https:\/\/www.facebook.com\/gimnasio.Rubik\/","https:\/\/www.instagram.com\/gymrubik\/","https:\/\/www.youtube.com\/channel\/UCQXLcP2dv1Ohuazvzhbvc6A"]}]}},"_links":{"self":[{"href":"https:\/\/gymrubik.com\/index.php?rest_route=\/wp\/v2\/pages\/1116","targetHints":{"allow":["GET"]}}],"collection":[{"href":"https:\/\/gymrubik.com\/index.php?rest_route=\/wp\/v2\/pages"}],"about":[{"href":"https:\/\/gymrubik.com\/index.php?rest_route=\/wp\/v2\/types\/page"}],"author":[{"embeddable":true,"href":"https:\/\/gymrubik.com\/index.php?rest_route=\/wp\/v2\/users\/1"}],"replies":[{"embeddable":true,"href":"https:\/\/gymrubik.com\/index.php?rest_route=%2Fwp%2Fv2%2Fcomments&post=1116"}],"version-history":[{"count":13,"href":"https:\/\/gymrubik.com\/index.php?rest_route=\/wp\/v2\/pages\/1116\/revisions"}],"predecessor-version":[{"id":2288,"href":"https:\/\/gymrubik.com\/index.php?rest_route=\/wp\/v2\/pages\/1116\/revisions\/2288"}],"wp:attachment":[{"href":"https:\/\/gymrubik.com\/index.php?rest_route=%2Fwp%2Fv2%2Fmedia&parent=1116"}],"curies":[{"name":"wp","href":"https:\/\/api.w.org\/{rel}","templated":true}]}}